{"id":61,"date":"2021-05-28T11:49:30","date_gmt":"2021-05-28T11:49:30","guid":{"rendered":"https:\/\/www.athenastudio.co\/themes\/naxos-wp\/?page_id=61"},"modified":"2024-10-09T11:54:44","modified_gmt":"2024-10-09T16:54:44","slug":"home-style-single-image","status":"publish","type":"page","link":"https:\/\/campetrol.org\/CampetrolConecta\/","title":{"rendered":"App Campetrol Conecta"},"content":{"rendered":"<div class=\"wpb-content-wrapper\"><p>[vc_section el_id=&#8221;banner&#8221;][vc_row][vc_column]<div >[vc_row_inner content_placement=&#8221;middle&#8221; el_class=&#8221;align-items-center&#8221;][vc_column_inner el_class=&#8221;res-margin&#8221; offset=&#8221;vc_col-lg-6 vc_col-md-6&#8243;]<div class=\"banner-text\">\r\n\t\t\t\t\t<h1 class=\"wow fadeInUp\" data-wow-offset=\"10\" data-wow-duration=\"1s\" data-wow-delay=\"0s\">\u00a1Descarguela Ahora!<\/h1><p class=\"wow fadeInUp\" data-wow-offset=\"10\" data-wow-duration=\"1s\" data-wow-delay=\"0.3s\"><strong>Campetrol Conecta<\/strong> es la aplicaci\u00f3n m\u00f3vil que une al <em><strong>Gobierno, la Industria y el Territorio<\/strong><\/em> del sector energ\u00e9tico colombiano. M\u00e1s que una aplicaci\u00f3n, es un ecosistema interactivo que informa, conecta y potencia a los profesionales e interesados del sector de petr\u00f3leo, gas y energ\u00eda. Con <strong>Campetrol Conecta<\/strong>, consolidamos el liderazgo de Campetrol como fuente de conocimiento, networking y desarrollo en el sector.<\/p><\/div><div class=\"button-store wow fadeInUp\" data-wow-offset=\"10\" data-wow-duration=\"1s\" data-wow-delay=\"0.6s\"><a class=\"custom-btn  d-inline-flex align-items-center m-2 m-sm-0 me-sm-3\" href=\"https:\/\/play.google.com\/store\/apps\/details?id=com.campetrol.campetrolconecta\" target=\"_blank\"><i class=\"fab fa-android\"><\/i><p><em>Disponible en<\/em>Google Play<\/p><\/a><a class=\"custom-btn  d-inline-flex align-items-center m-2 m-sm-0 \" href=\"https:\/\/apps.apple.com\/us\/app\/campetrol-conecta\/id6723905182\" target=\"_blank\"><i class=\"fab fa-apple\"><\/i><p><em>Disponible en <\/em>App Store<\/p><\/a><\/div>[\/vc_column_inner][vc_column_inner offset=&#8221;vc_col-lg-6 vc_col-md-6&#8243;]<div class=\"banner-image wow fadeInUp\" data-wow-offset=\"10\" data-wow-duration=\"1s\" data-wow-delay=\"0.3s\">\r\n\t\t\t\t\t<img decoding=\"async\" class=\"bounce-effect\" src=\"https:\/\/campetrol.org\/CampetrolConecta\/wp-content\/uploads\/2024\/09\/Version-1.png\" alt=\"\" \/>\r\n\t\t\t\t <\/div>[\/vc_column_inner][\/vc_row_inner]<\/div>[\/vc_column][\/vc_row][\/vc_section][vc_section el_id=&#8221;features&#8221;][vc_row][vc_column el_id=&#8221;Caracteristicas&#8221;]<div class=\"row justify-content-center\"><div class=\"col-12 col-md-10 col-lg-6\"><div class=\"section-title text-center  \"><h3>\u00bfQu\u00e9 puedo hacer en Campetrol Conecta?<\/h3><p>En esta versi\u00f3n de lanzamiento, tendremos funcionalidades increibles.<\/p><\/div><\/div><\/div>[\/vc_column][\/vc_row][vc_row el_class=&#8221;vc_row-flex align-items-center&#8221;][vc_column width=&#8221;1\/3&#8243;]<ul class=\"features-item\" ><li> \r\n\t\t\t\t\t<div class=\"feature-box  d-flex\"> \r\n\t\t\t\t\t\t<div class=\"box-icon\">\r\n\t\t\t\t\t\t\t<div class=\"icon icon-basic-gear\">\r\n\t\t\t\t\t\t\t\t\r\n\t\t\t\t\t\t\t<\/div>\r\n\t\t\t\t\t\t<\/div>\r\n\t\t\t\t\t\t<div class=\"box-text align-self-center align-self-md-start\"><h4>Potenciado con el poder de la IA<\/h4><p>Inteligencia Artificial para una experiencia superior. CamIA est\u00e1 integrada para tener conversaciones con los usuarios. CamIA est\u00e1 en su etapa de lanzamiento BETA.<\/p><\/div>\r\n\t\t\t\t\t<\/div>\r\n\t\t\t\t<\/li><li> \r\n\t\t\t\t\t<div class=\"feature-box  d-flex\"> \r\n\t\t\t\t\t\t<div class=\"box-icon\">\r\n\t\t\t\t\t\t\t<div class=\"icon icon-basic-elaboration-calendar-check\">\r\n\t\t\t\t\t\t\t\t\r\n\t\t\t\t\t\t\t<\/div>\r\n\t\t\t\t\t\t<\/div>\r\n\t\t\t\t\t\t<div class=\"box-text align-self-center align-self-md-start\"><h4>Sigue nuestros eventos<\/h4><p>Mantente al d\u00eda con nuestro calendario de eventos, puede guardar en su calendario personal para no dejar de asistir a ninguno.<\/p><\/div>\r\n\t\t\t\t\t<\/div>\r\n\t\t\t\t<\/li><li> \r\n\t\t\t\t\t<div class=\"feature-box  d-flex\"> \r\n\t\t\t\t\t\t<div class=\"box-icon\">\r\n\t\t\t\t\t\t\t<div class=\"icon icon-ecommerce-megaphone\">\r\n\t\t\t\t\t\t\t\t\r\n\t\t\t\t\t\t\t<\/div>\r\n\t\t\t\t\t\t<\/div>\r\n\t\t\t\t\t\t<div class=\"box-text align-self-center align-self-md-start\"><h4>Notificaciones en tiempo real<\/h4><p>Recibe alertas instant\u00e1neas sobre novedades, noticias y eventos importantes.<\/p><\/div>\r\n\t\t\t\t\t<\/div>\r\n\t\t\t\t<\/li><\/ul>[\/vc_column][vc_column width=&#8221;1\/3&#8243; offset=&#8221;vc_hidden-xs&#8221;][vc_single_image image=&#8221;293&#8243; img_size=&#8221;full&#8221; alignment=&#8221;center&#8221; css=&#8221;&#8221;][\/vc_column][vc_column width=&#8221;1\/3&#8243;]<ul class=\"features-item\" ><li> \r\n\t\t\t\t\t<div class=\"feature-box  d-flex\"> \r\n\t\t\t\t\t\t<div class=\"box-icon\">\r\n\t\t\t\t\t\t\t<div class=\"icon icon-basic-case\">\r\n\t\t\t\t\t\t\t\t\r\n\t\t\t\t\t\t\t<\/div>\r\n\t\t\t\t\t\t<\/div>\r\n\t\t\t\t\t\t<div class=\"box-text align-self-center align-self-md-start\"><h4>Conoce nuestros Afiliados<\/h4><p>Explora nuestra red de m\u00e1s de 170 compa\u00f1\u00edas afiliadas.<\/p><\/div>\r\n\t\t\t\t\t<\/div>\r\n\t\t\t\t<\/li><li> \r\n\t\t\t\t\t<div class=\"feature-box  d-flex\"> \r\n\t\t\t\t\t\t<div class=\"box-icon\">\r\n\t\t\t\t\t\t\t<div class=\"icon icon-basic-share\">\r\n\t\t\t\t\t\t\t\t\r\n\t\t\t\t\t\t\t<\/div>\r\n\t\t\t\t\t\t<\/div>\r\n\t\t\t\t\t\t<div class=\"box-text align-self-center align-self-md-start\"><h4>Networking<\/h4><p>Conecta con profesionales del sector. \u00a1Muy pronto!<\/p><\/div>\r\n\t\t\t\t\t<\/div>\r\n\t\t\t\t<\/li><li> \r\n\t\t\t\t\t<div class=\"feature-box  d-flex\"> \r\n\t\t\t\t\t\t<div class=\"box-icon\">\r\n\t\t\t\t\t\t\t<div class=\"icon icon-basic-sheet-pencil\">\r\n\t\t\t\t\t\t\t\t\r\n\t\t\t\t\t\t\t<\/div>\r\n\t\t\t\t\t\t<\/div>\r\n\t\t\t\t\t\t<div class=\"box-text align-self-center align-self-md-start\"><h4>Prensa Campetrol<\/h4><p>Accede a comunicados y noticias de prensa.<\/p><\/div>\r\n\t\t\t\t\t<\/div>\r\n\t\t\t\t<\/li><\/ul>[\/vc_column][\/vc_row][\/vc_section][vc_section el_id=&#8221;support&#8221;][vc_row][vc_column el_id=&#8221;Preguntas-frecuentes&#8221;]<div class=\"row justify-content-center\"><div class=\"col-12 col-md-10 col-lg-6\"><div class=\"section-title text-center  \"><h3>Preguntas frecuentes<\/h3><p>Estas son algunas preguntas frecuentes que se hacen los usuarios sobre el uso de <strong>Campetrol Conecta<\/strong>.<\/p><\/div><\/div><\/div>[\/vc_column][\/vc_row][vc_row][vc_column offset=&#8221;vc_col-lg-offset-1 vc_col-lg-10&#8243;]<div id=\"accordion1\" class=\"accordion\" role=\"tablist\" ><div class=\"accordion-item\">\r\n\t\t\t\t\t<div class=\"accordion-header\" id=\"heading-1\">\r\n\t\t\t\t\t\t<h5><a class=\"accordion-button \" href=\"#collapse-1\" role=\"button\" aria-expanded=\"true\" data-bs-toggle=\"collapse\" aria-controls=\"collapse-1\">\u00bfQu\u00e9 es Campetrol Conecta?<\/a><\/h5>\r\n\t\t\t\t\t<\/div>\r\n\t\t\t\t\t<div id=\"collapse-1\" class=\"accordion-collapse collapse show\" aria-labelledby=\"heading-1\" data-bs-parent=\"#accordion1\">\r\n\t\t\t\t\t\t<div class=\"accordion-body\">\r\n\t\t\t\t\t\t\t<p>Campetrol Conecta es una Aplicaci\u00f3n m\u00f3vil innovadora que busca conectar y empoderar a empresas de bienes y servicios del sector O&amp;G&amp;E Colombiano. Ofrecemos un espacio \u00fanico para acceder a informaci\u00f3n actualizada, establecer contactos y participar en eventos relevantes para la industria.<\/p>\r\n\t\t\t\t\t\t<\/div>\r\n\t\t\t\t\t<\/div>\r\n\t\t\t\t<\/div><div class=\"accordion-item\">\r\n\t\t\t\t\t<div class=\"accordion-header\" id=\"heading-2\">\r\n\t\t\t\t\t\t<h5><a class=\"accordion-button collapsed\" href=\"#collapse-2\" role=\"button\" aria-expanded=\"false\" data-bs-toggle=\"collapse\" aria-controls=\"collapse-2\">\u00bfPuedo consultar y obteber detalles de los eventos en Campetrol Conecta?<\/a><\/h5>\r\n\t\t\t\t\t<\/div>\r\n\t\t\t\t\t<div id=\"collapse-2\" class=\"accordion-collapse collapse \" aria-labelledby=\"heading-2\" data-bs-parent=\"#accordion1\">\r\n\t\t\t\t\t\t<div class=\"accordion-body\">\r\n\t\t\t\t\t\t\t<p>Si, Campetrol Conecta es una plataforma dise\u00f1ada para mantenerte informado y conectado con los eventos organizados por Campetrol. A trav\u00e9s de la app, podr\u00e1s:<\/p>\n<p>1. Consultar la agenda de eventos<\/p>\n<p>2. Obtener detalles espec\u00edficos de cada evento<\/p>\n<p>3. Recibir notificaciones de los eventos<\/p>\n<p>4. Registrarse y participar en los proximos eventos de Campetrol.<\/p>\r\n\t\t\t\t\t\t<\/div>\r\n\t\t\t\t\t<\/div>\r\n\t\t\t\t<\/div><div class=\"accordion-item\">\r\n\t\t\t\t\t<div class=\"accordion-header\" id=\"heading-3\">\r\n\t\t\t\t\t\t<h5><a class=\"accordion-button collapsed\" href=\"#collapse-3\" role=\"button\" aria-expanded=\"false\" data-bs-toggle=\"collapse\" aria-controls=\"collapse-3\">\u00bfQu\u00e9 es CamIA la Inteligencia artificial integrada en Campetrol Conecta?<\/a><\/h5>\r\n\t\t\t\t\t<\/div>\r\n\t\t\t\t\t<div id=\"collapse-3\" class=\"accordion-collapse collapse \" aria-labelledby=\"heading-3\" data-bs-parent=\"#accordion1\">\r\n\t\t\t\t\t\t<div class=\"accordion-body\">\r\n\t\t\t\t\t\t\t<p>CamIA son las siglas de &#8220;Campetrol Inteligencia Artificial&#8221; integrada en la plataforma Campetrol Conecta en fase de lanzamiento BETA. Pronto estaremos lanzando la versi\u00f3n estable 1.0.<\/p>\r\n\t\t\t\t\t\t<\/div>\r\n\t\t\t\t\t<\/div>\r\n\t\t\t\t<\/div><div class=\"accordion-item\">\r\n\t\t\t\t\t<div class=\"accordion-header\" id=\"heading-4\">\r\n\t\t\t\t\t\t<h5><a class=\"accordion-button collapsed\" href=\"#collapse-4\" role=\"button\" aria-expanded=\"false\" data-bs-toggle=\"collapse\" aria-controls=\"collapse-4\">Puedo consultar las empresas afiliadas a Campetrol a trav\u00e9s de Campetrol Conecta?<\/a><\/h5>\r\n\t\t\t\t\t<\/div>\r\n\t\t\t\t\t<div id=\"collapse-4\" class=\"accordion-collapse collapse \" aria-labelledby=\"heading-4\" data-bs-parent=\"#accordion1\">\r\n\t\t\t\t\t\t<div class=\"accordion-body\">\r\n\t\t\t\t\t\t\t<p>A trav\u00e9s de Campetrol Conecta, puedes acceder a un directorio completo de las empresas afiliadas a Campetrol. Esto te permitir\u00e1 buscar empresas espec\u00edficas y conocer el perfil de esas empresas.<\/p>\r\n\t\t\t\t\t\t<\/div>\r\n\t\t\t\t\t<\/div>\r\n\t\t\t\t<\/div><div class=\"accordion-item\">\r\n\t\t\t\t\t<div class=\"accordion-header\" id=\"heading-5\">\r\n\t\t\t\t\t\t<h5><a class=\"accordion-button collapsed\" href=\"#collapse-5\" role=\"button\" aria-expanded=\"false\" data-bs-toggle=\"collapse\" aria-controls=\"collapse-5\">\u00bfEn qu\u00e9 dispositivos est\u00e1 disponible Campetrol Conecta?<\/a><\/h5>\r\n\t\t\t\t\t<\/div>\r\n\t\t\t\t\t<div id=\"collapse-5\" class=\"accordion-collapse collapse \" aria-labelledby=\"heading-5\" data-bs-parent=\"#accordion1\">\r\n\t\t\t\t\t\t<div class=\"accordion-body\">\r\n\t\t\t\t\t\t\t<p>Campetrol Conecta esta disponible tanto para dispositivos Android como para iOS.<\/p>\r\n\t\t\t\t\t\t<\/div>\r\n\t\t\t\t\t<\/div>\r\n\t\t\t\t<\/div><div class=\"accordion-item\">\r\n\t\t\t\t\t<div class=\"accordion-header\" id=\"heading-6\">\r\n\t\t\t\t\t\t<h5><a class=\"accordion-button collapsed\" href=\"#collapse-6\" role=\"button\" aria-expanded=\"false\" data-bs-toggle=\"collapse\" aria-controls=\"collapse-6\">\u00bfC\u00f3mo puedo afiliarme a Campetrol?<\/a><\/h5>\r\n\t\t\t\t\t<\/div>\r\n\t\t\t\t\t<div id=\"collapse-6\" class=\"accordion-collapse collapse \" aria-labelledby=\"heading-6\" data-bs-parent=\"#accordion1\">\r\n\t\t\t\t\t\t<div class=\"accordion-body\">\r\n\t\t\t\t\t\t\t<p>Para afiliarte a campetrol, el primer paso es ingresar al sitio web oficial de Campetrol y en el men\u00fa principal, encontrar\u00e1 un bot\u00f3n llamad\u00f3 &#8220;Afiliate Ahora&#8221; haciendo clic se despliega un formulario que debe ser diligenciado y luego enviado. <a href=\"https:\/\/campetrol.org\/directorio\/afiliate-ahora\/\" target=\"_blank\" rel=\"noopener\">Clic aqu\u00ed para ingresar al formulario.<\/a><\/p>\r\n\t\t\t\t\t\t<\/div>\r\n\t\t\t\t\t<\/div>\r\n\t\t\t\t<\/div><\/div>[\/vc_column][\/vc_row][vc_row][vc_column][vc_empty_space height=&#8221;30px&#8221;][vc_column_text css=&#8221;&#8221; el_class=&#8221;mb-0&#8243;]<\/p>\n<p style=\"text-align: center;\">Tienes preguntas? <a href=\"https:\/\/campetrol.org\/CampetrolConecta\/soporte-ti-cconecta\/\"><strong>Clic aqu\u00ed puede enviar sus dudas o comentarios sobre Campetrol Conecta<\/strong><\/a><\/p>\n<p>[\/vc_column_text][\/vc_column][\/vc_row][vc_row][vc_column offset=&#8221;vc_col-lg-offset-2 vc_col-lg-8&#8243;][vc_single_image image=&#8221;299&#8243; img_size=&#8221;full&#8221; alignment=&#8221;center&#8221; css_animation=&#8221;fadeInUp&#8221; css=&#8221;&#8221; el_class=&#8221;mobile-phone&#8221;][\/vc_column][\/vc_row][\/vc_section][vc_section el_id=&#8221;subscribe&#8221; css=&#8221;.vc_custom_1622206318649{background-image: url(https:\/\/www.athenastudio.co\/themes\/naxos-wp\/wp-content\/uploads\/2021\/05\/subscribe.jpg?id=102) !important;}&#8221;][vc_row][vc_column]<div class=\"row justify-content-center\"><div class=\"col-12 col-md-10 col-lg-6\"><div class=\"section-title text-center  white\"><h3>Suscribase a Campetrol Conecta<\/h3><p>Reciba novedades sobre actualizaciones de Campetrol Conecta y enterese de nuevas funcionalidades via Correo Electr\u00f3nico.<\/p><\/div><\/div><\/div>[\/vc_column][\/vc_row][vc_row][vc_column offset=&#8221;vc_col-lg-offset-3 vc_col-lg-6&#8243;][vc_raw_html css=&#8221;&#8221;]JTNDc2NyaXB0JTIwdHlwZSUzRCUyMnRleHQlMkZqYXZhc2NyaXB0JTIyJTIwc3JjJTNEJTIyaHR0cHMlM0ElMkYlMkZjYW1wYWlnbnMuem9oby5jb20lMkZqcyUyRnpjLmlmcmFtZS5qcyUyMiUzRSUzQyUyRnNjcmlwdCUzRSUwQSUzQ2lmcmFtZSUyMGZyYW1lYm9yZGVyJTNEJTIyMCUyMiUyMGlkJTNEJTIyaWZyYW1ld2luJTIyJTIwd2lkdGglM0QlMjIxMDAlMjUlMjIlMjBoZWlnaHQlM0QlMjIxMDAlMjUlMjIlMjBzcmMlM0QlMjJodHRwcyUzQSUyRiUyRndqdWZseGEtemdwdmgubWFpbGxpc3QtbWFuYWdlLm5ldCUyRnVhJTJGT3B0aW4lM0ZvZCUzRDExMjg3ZWNiZmJlMWFiJTI2englM0QxMmVjMTlmOTMlMjZ0RCUzRDFkODdkZDI2MTYzNDk3ZjklMjZzRCUzRDFkODdkZDI2MTc0NjIzODUlMjIlM0UlM0MlMkZpZnJhbWUlM0U=[\/vc_raw_html][vc_column_text css=&#8221;&#8221;]<\/p>\n<p class=\"mb-0\" style=\"text-align: center;\">Al suscribirse, usted acepta quedar suscrito a nuestra base de datos y entiende que recibir\u00e1 correos electr\u00f3nicos de nuestros boletines.<\/p>\n<p>[\/vc_column_text][\/vc_column][\/vc_row][\/vc_section]<\/p>\n<\/div>","protected":false},"excerpt":{"rendered":"<p>[vc_section el_id=&#8221;banner&#8221;][vc_row][vc_column][\/vc_column][\/vc_row][\/vc_section][vc_section el_id=&#8221;features&#8221;][vc_row][vc_column el_id=&#8221;Caracteristicas&#8221;][\/vc_column][\/vc_row][vc_row el_class=&#8221;vc_row-flex align-items-center&#8221;][vc_column width=&#8221;1\/3&#8243;][\/vc_column][vc_column width=&#8221;1\/3&#8243; offset=&#8221;vc_hidden-xs&#8221;][vc_single_image image=&#8221;293&#8243; img_size=&#8221;full&#8221; alignment=&#8221;center&#8221; css=&#8221;&#8221;][\/vc_column][vc_column width=&#8221;1\/3&#8243;][\/vc_column][\/vc_row][\/vc_section][vc_section el_id=&#8221;support&#8221;][vc_row][vc_column el_id=&#8221;Preguntas-frecuentes&#8221;][\/vc_column][\/vc_row][vc_row][vc_column offset=&#8221;vc_col-lg-offset-1 vc_col-lg-10&#8243;][\/vc_column][\/vc_row][vc_row][vc_column][vc_empty_space height=&#8221;30px&#8221;][vc_column_text css=&#8221;&#8221; el_class=&#8221;mb-0&#8243;] Tienes preguntas? Clic aqu\u00ed puede enviar sus dudas o comentarios sobre Campetrol Conecta [\/vc_column_text][\/vc_column][\/vc_row][vc_row][vc_column offset=&#8221;vc_col-lg-offset-2 vc_col-lg-8&#8243;][vc_single_image image=&#8221;299&#8243; img_size=&#8221;full&#8221; alignment=&#8221;center&#8221; css_animation=&#8221;fadeInUp&#8221; css=&#8221;&#8221; el_class=&#8221;mobile-phone&#8221;][\/vc_column][\/vc_row][\/vc_section][vc_section el_id=&#8221;subscribe&#8221; css=&#8221;.vc_custom_1622206318649{background-image: url(https:\/\/www.athenastudio.co\/themes\/naxos-wp\/wp-content\/uploads\/2021\/05\/subscribe.jpg?id=102) !important;}&#8221;][vc_row][vc_column][\/vc_column][\/vc_row][vc_row][vc_column offset=&#8221;vc_col-lg-offset-3 vc_col-lg-6&#8243;][vc_raw_html css=&#8221;&#8221;]JTNDc2NyaXB0JTIwdHlwZSUzRCUyMnRleHQlMkZqYXZhc2NyaXB0JTIyJTIwc3JjJTNEJTIyaHR0cHMlM0ElMkYlMkZjYW1wYWlnbnMuem9oby5jb20lMkZqcyUyRnpjLmlmcmFtZS5qcyUyMiUzRSUzQyUyRnNjcmlwdCUzRSUwQSUzQ2lmcmFtZSUyMGZyYW1lYm9yZGVyJTNEJTIyMCUyMiUyMGlkJTNEJTIyaWZyYW1ld2luJTIyJTIwd2lkdGglM0QlMjIxMDAlMjUlMjIlMjBoZWlnaHQlM0QlMjIxMDAlMjUlMjIlMjBzcmMlM0QlMjJodHRwcyUzQSUyRiUyRndqdWZseGEtemdwdmgubWFpbGxpc3QtbWFuYWdlLm5ldCUyRnVhJTJGT3B0aW4lM0ZvZCUzRDExMjg3ZWNiZmJlMWFiJTI2englM0QxMmVjMTlmOTMlMjZ0RCUzRDFkODdkZDI2MTYzNDk3ZjklMjZzRCUzRDFkODdkZDI2MTc0NjIzODUlMjIlM0UlM0MlMkZpZnJhbWUlM0U=[\/vc_raw_html][vc_column_text css=&#8221;&#8221;] Al suscribirse, usted acepta [&hellip;]<\/p>\n","protected":false},"author":1,"featured_media":0,"parent":0,"menu_order":0,"comment_status":"closed","ping_status":"closed","template":"templates\/front.php","meta":{"footnotes":""},"class_list":["post-61","page","type-page","status-publish","hentry"],"_links":{"self":[{"href":"https:\/\/campetrol.org\/CampetrolConecta\/wp-json\/wp\/v2\/pages\/61","targetHints":{"allow":["GET"]}}],"collection":[{"href":"https:\/\/campetrol.org\/CampetrolConecta\/wp-json\/wp\/v2\/pages"}],"about":[{"href":"https:\/\/campetrol.org\/CampetrolConecta\/wp-json\/wp\/v2\/types\/page"}],"author":[{"embeddable":true,"href":"https:\/\/campetrol.org\/CampetrolConecta\/wp-json\/wp\/v2\/users\/1"}],"replies":[{"embeddable":true,"href":"https:\/\/campetrol.org\/CampetrolConecta\/wp-json\/wp\/v2\/comments?post=61"}],"version-history":[{"count":40,"href":"https:\/\/campetrol.org\/CampetrolConecta\/wp-json\/wp\/v2\/pages\/61\/revisions"}],"predecessor-version":[{"id":330,"href":"https:\/\/campetrol.org\/CampetrolConecta\/wp-json\/wp\/v2\/pages\/61\/revisions\/330"}],"wp:attachment":[{"href":"https:\/\/campetrol.org\/CampetrolConecta\/wp-json\/wp\/v2\/media?parent=61"}],"curies":[{"name":"wp","href":"https:\/\/api.w.org\/{rel}","templated":true}]}}